{"id":182220,"date":"2023-12-24T17:44:13","date_gmt":"2023-12-24T16:44:13","guid":{"rendered":"https:\/\/bains-de-llo.com\/?post_type=product&#038;p=182220"},"modified":"2023-12-24T17:49:18","modified_gmt":"2023-12-24T16:49:18","slug":"vale-de-regalo-3-tratamientos-duo-1h30","status":"publish","type":"product","link":"https:\/\/bains-de-llo.com\/es\/producto\/vale-de-regalo-3-tratamientos-duo-1h30\/","title":{"rendered":"Vale de Regalo &#8211; Formula de 3 tratamientos Duo 1h30"},"content":{"rendered":"<p>V\u00e1lido para la escapada d\u00fao de 1h30. Esta escapada est\u00e1 dise\u00f1ada para 2 personas. Consta de 3 tratamientos por persona (un masaje relajante de 30 minutos, un tratamiento M\u00e9dyjet y un tratamiento de balneoterapia)<\/p>\n<p><strong>El masaje relajante<\/strong> con aceites esenciales relaja tus m\u00fasculos de la cabeza a los pies.<br \/>\n<strong>Tratamiento Medyjet:<\/strong> Tumbado sobre un colch\u00f3n de agua caliente, sentir\u00e1s el suave movimiento de los hidrojets que estimulan los puntos energ\u00e9ticos de tu cuerpo y te relajan.<br \/>\n<strong>El tratamiento de balneoterapia:<\/strong> ba\u00f1o de hidromasaje con agua sulfurosa que favorece la relajaci\u00f3n muscular y alivia las articulaciones.<\/p>\n<p>Los tratamientos para 2 personas comienzan y terminan al mismo tiempo pero se realizan en cabinas separadas por la esteticista.<\/p>\n<p>La entrada a los ba\u00f1os para 2 personas est\u00e1 incluida en el tratamiento.<\/p>\n","protected":false},"excerpt":{"rendered":"<p>Esta escapada est\u00e1 dise\u00f1ada para 2 personas. Consta de 3 tratamientos por persona: un masaje relajante de 30 minutos, un tratamiento M\u00e9dyjet y un tratamiento de balneoterapia (ver detalles).<\/p>\n<p><strong>La entrada a los ba\u00f1os para 2 personas est\u00e1 incluida en el tratamiento.<\/strong><\/p>\n","protected":false},"featured_media":182133,"comment_status":"closed","ping_status":"closed","template":"","meta":{"_et_pb_use_builder":"","_et_pb_old_content":"","_et_gb_content_width":""},"product_cat":[85],"product_tag":[],"class_list":{"0":"post-182220","1":"product","2":"type-product","3":"status-publish","4":"has-post-thumbnail","6":"product_cat-vales-de-regalo","8":"first","9":"instock","10":"virtual","11":"taxable","12":"purchasable","13":"product-type-simple"},"exclude_global_add_ons":[],"addons":[],"yoast_head":"<!-- This site is optimized with the Yoast SEO plugin v27.5 - https:\/\/yoast.com\/product\/yoast-seo-wordpress\/ -->\n<title>Vale de Regalo - Formula de 3 tratamientos Duo 1h30 | Bains de Llo<\/title>\n<meta name=\"robots\" content=\"index, follow, max-snippet:-1, max-image-preview:large, max-video-preview:-1\" \/>\n<link rel=\"canonical\" href=\"https:\/\/bains-de-llo.com\/es\/producto\/vale-de-regalo-3-tratamientos-duo-1h30\/\" \/>\n<meta property=\"og:locale\" content=\"es_ES\" \/>\n<meta property=\"og:type\" content=\"article\" \/>\n<meta property=\"og:title\" content=\"Vale de Regalo - Formula de 3 tratamientos Duo 1h30 | Bains de Llo\" \/>\n<meta property=\"og:description\" content=\"Esta escapada est\u00e1 dise\u00f1ada para 2 personas. Consta de 3 tratamientos por persona: un masaje relajante de 30 minutos, un tratamiento M\u00e9dyjet y un tratamiento de balneoterapia (ver detalles).  La entrada a los ba\u00f1os para 2 personas est\u00e1 incluida en el tratamiento.\" \/>\n<meta property=\"og:url\" content=\"https:\/\/bains-de-llo.com\/es\/producto\/vale-de-regalo-3-tratamientos-duo-1h30\/\" \/>\n<meta property=\"og:site_name\" content=\"Bains de Llo\" \/>\n<meta property=\"article:publisher\" content=\"https:\/\/www.facebook.com\/bains.de.llo\/\" \/>\n<meta property=\"article:modified_time\" content=\"2023-12-24T16:49:18+00:00\" \/>\n<meta property=\"og:image\" content=\"https:\/\/bains-de-llo.com\/wp-content\/uploads\/2022\/06\/couple.jpg\" \/>\n\t<meta property=\"og:image:width\" content=\"800\" \/>\n\t<meta property=\"og:image:height\" content=\"417\" \/>\n\t<meta property=\"og:image:type\" content=\"image\/jpeg\" \/>\n<meta name=\"twitter:card\" content=\"summary_large_image\" \/>\n<meta name=\"twitter:label1\" content=\"Tiempo de lectura\" \/>\n\t<meta name=\"twitter:data1\" content=\"1 minuto\" \/>\n<script type=\"application\/ld+json\" class=\"yoast-schema-graph\">{\"@context\":\"https:\\\/\\\/schema.org\",\"@graph\":[{\"@type\":\"WebPage\",\"@id\":\"https:\\\/\\\/bains-de-llo.com\\\/es\\\/producto\\\/vale-de-regalo-3-tratamientos-duo-1h30\\\/\",\"url\":\"https:\\\/\\\/bains-de-llo.com\\\/es\\\/producto\\\/vale-de-regalo-3-tratamientos-duo-1h30\\\/\",\"name\":\"Vale de Regalo - Formula de 3 tratamientos Duo 1h30 | Bains de Llo\",\"isPartOf\":{\"@id\":\"https:\\\/\\\/bains-de-llo.com\\\/es\\\/#website\"},\"primaryImageOfPage\":{\"@id\":\"https:\\\/\\\/bains-de-llo.com\\\/es\\\/producto\\\/vale-de-regalo-3-tratamientos-duo-1h30\\\/#primaryimage\"},\"image\":{\"@id\":\"https:\\\/\\\/bains-de-llo.com\\\/es\\\/producto\\\/vale-de-regalo-3-tratamientos-duo-1h30\\\/#primaryimage\"},\"thumbnailUrl\":\"https:\\\/\\\/bains-de-llo.com\\\/wp-content\\\/uploads\\\/2022\\\/06\\\/couple.jpg\",\"datePublished\":\"2023-12-24T16:44:13+00:00\",\"dateModified\":\"2023-12-24T16:49:18+00:00\",\"breadcrumb\":{\"@id\":\"https:\\\/\\\/bains-de-llo.com\\\/es\\\/producto\\\/vale-de-regalo-3-tratamientos-duo-1h30\\\/#breadcrumb\"},\"inLanguage\":\"es\",\"potentialAction\":[{\"@type\":\"ReadAction\",\"target\":[\"https:\\\/\\\/bains-de-llo.com\\\/es\\\/producto\\\/vale-de-regalo-3-tratamientos-duo-1h30\\\/\"]}]},{\"@type\":\"ImageObject\",\"inLanguage\":\"es\",\"@id\":\"https:\\\/\\\/bains-de-llo.com\\\/es\\\/producto\\\/vale-de-regalo-3-tratamientos-duo-1h30\\\/#primaryimage\",\"url\":\"https:\\\/\\\/bains-de-llo.com\\\/wp-content\\\/uploads\\\/2022\\\/06\\\/couple.jpg\",\"contentUrl\":\"https:\\\/\\\/bains-de-llo.com\\\/wp-content\\\/uploads\\\/2022\\\/06\\\/couple.jpg\",\"width\":800,\"height\":417},{\"@type\":\"BreadcrumbList\",\"@id\":\"https:\\\/\\\/bains-de-llo.com\\\/es\\\/producto\\\/vale-de-regalo-3-tratamientos-duo-1h30\\\/#breadcrumb\",\"itemListElement\":[{\"@type\":\"ListItem\",\"position\":1,\"name\":\"Home\",\"item\":\"https:\\\/\\\/bains-de-llo.com\\\/es\\\/\"},{\"@type\":\"ListItem\",\"position\":2,\"name\":\"Productos\",\"item\":\"https:\\\/\\\/bains-de-llo.com\\\/es\\\/productos\\\/\"},{\"@type\":\"ListItem\",\"position\":3,\"name\":\"Vale de Regalo &#8211; Formula de 3 tratamientos Duo 1h30\"}]},{\"@type\":\"WebSite\",\"@id\":\"https:\\\/\\\/bains-de-llo.com\\\/es\\\/#website\",\"url\":\"https:\\\/\\\/bains-de-llo.com\\\/es\\\/\",\"name\":\"Bains de LLO\",\"description\":\"Bains chauds sulfureux\",\"publisher\":{\"@id\":\"https:\\\/\\\/bains-de-llo.com\\\/es\\\/#organization\"},\"potentialAction\":[{\"@type\":\"SearchAction\",\"target\":{\"@type\":\"EntryPoint\",\"urlTemplate\":\"https:\\\/\\\/bains-de-llo.com\\\/es\\\/?s={search_term_string}\"},\"query-input\":{\"@type\":\"PropertyValueSpecification\",\"valueRequired\":true,\"valueName\":\"search_term_string\"}}],\"inLanguage\":\"es\"},{\"@type\":\"Organization\",\"@id\":\"https:\\\/\\\/bains-de-llo.com\\\/es\\\/#organization\",\"name\":\"Bains de LLo\",\"url\":\"https:\\\/\\\/bains-de-llo.com\\\/es\\\/\",\"logo\":{\"@type\":\"ImageObject\",\"inLanguage\":\"es\",\"@id\":\"https:\\\/\\\/bains-de-llo.com\\\/es\\\/#\\\/schema\\\/logo\\\/image\\\/\",\"url\":\"https:\\\/\\\/bains-de-llo.com\\\/wp-content\\\/uploads\\\/2019\\\/04\\\/login-logo.png\",\"contentUrl\":\"https:\\\/\\\/bains-de-llo.com\\\/wp-content\\\/uploads\\\/2019\\\/04\\\/login-logo.png\",\"width\":600,\"height\":137,\"caption\":\"Bains de LLo\"},\"image\":{\"@id\":\"https:\\\/\\\/bains-de-llo.com\\\/es\\\/#\\\/schema\\\/logo\\\/image\\\/\"},\"sameAs\":[\"https:\\\/\\\/www.facebook.com\\\/bains.de.llo\\\/\",\"https:\\\/\\\/www.instagram.com\\\/lesbainsdello\\\/\"]}]}<\/script>\n<!-- \/ Yoast SEO plugin. -->","yoast_head_json":{"title":"Vale de Regalo - Formula de 3 tratamientos Duo 1h30 | Bains de Llo","robots":{"index":"index","follow":"follow","max-snippet":"max-snippet:-1","max-image-preview":"max-image-preview:large","max-video-preview":"max-video-preview:-1"},"canonical":"https:\/\/bains-de-llo.com\/es\/producto\/vale-de-regalo-3-tratamientos-duo-1h30\/","og_locale":"es_ES","og_type":"article","og_title":"Vale de Regalo - Formula de 3 tratamientos Duo 1h30 | Bains de Llo","og_description":"Esta escapada est\u00e1 dise\u00f1ada para 2 personas. Consta de 3 tratamientos por persona: un masaje relajante de 30 minutos, un tratamiento M\u00e9dyjet y un tratamiento de balneoterapia (ver detalles).  La entrada a los ba\u00f1os para 2 personas est\u00e1 incluida en el tratamiento.","og_url":"https:\/\/bains-de-llo.com\/es\/producto\/vale-de-regalo-3-tratamientos-duo-1h30\/","og_site_name":"Bains de Llo","article_publisher":"https:\/\/www.facebook.com\/bains.de.llo\/","article_modified_time":"2023-12-24T16:49:18+00:00","og_image":[{"width":800,"height":417,"url":"https:\/\/bains-de-llo.com\/wp-content\/uploads\/2022\/06\/couple.jpg","type":"image\/jpeg"}],"twitter_card":"summary_large_image","twitter_misc":{"Tiempo de lectura":"1 minuto"},"schema":{"@context":"https:\/\/schema.org","@graph":[{"@type":"WebPage","@id":"https:\/\/bains-de-llo.com\/es\/producto\/vale-de-regalo-3-tratamientos-duo-1h30\/","url":"https:\/\/bains-de-llo.com\/es\/producto\/vale-de-regalo-3-tratamientos-duo-1h30\/","name":"Vale de Regalo - Formula de 3 tratamientos Duo 1h30 | Bains de Llo","isPartOf":{"@id":"https:\/\/bains-de-llo.com\/es\/#website"},"primaryImageOfPage":{"@id":"https:\/\/bains-de-llo.com\/es\/producto\/vale-de-regalo-3-tratamientos-duo-1h30\/#primaryimage"},"image":{"@id":"https:\/\/bains-de-llo.com\/es\/producto\/vale-de-regalo-3-tratamientos-duo-1h30\/#primaryimage"},"thumbnailUrl":"https:\/\/bains-de-llo.com\/wp-content\/uploads\/2022\/06\/couple.jpg","datePublished":"2023-12-24T16:44:13+00:00","dateModified":"2023-12-24T16:49:18+00:00","breadcrumb":{"@id":"https:\/\/bains-de-llo.com\/es\/producto\/vale-de-regalo-3-tratamientos-duo-1h30\/#breadcrumb"},"inLanguage":"es","potentialAction":[{"@type":"ReadAction","target":["https:\/\/bains-de-llo.com\/es\/producto\/vale-de-regalo-3-tratamientos-duo-1h30\/"]}]},{"@type":"ImageObject","inLanguage":"es","@id":"https:\/\/bains-de-llo.com\/es\/producto\/vale-de-regalo-3-tratamientos-duo-1h30\/#primaryimage","url":"https:\/\/bains-de-llo.com\/wp-content\/uploads\/2022\/06\/couple.jpg","contentUrl":"https:\/\/bains-de-llo.com\/wp-content\/uploads\/2022\/06\/couple.jpg","width":800,"height":417},{"@type":"BreadcrumbList","@id":"https:\/\/bains-de-llo.com\/es\/producto\/vale-de-regalo-3-tratamientos-duo-1h30\/#breadcrumb","itemListElement":[{"@type":"ListItem","position":1,"name":"Home","item":"https:\/\/bains-de-llo.com\/es\/"},{"@type":"ListItem","position":2,"name":"Productos","item":"https:\/\/bains-de-llo.com\/es\/productos\/"},{"@type":"ListItem","position":3,"name":"Vale de Regalo &#8211; Formula de 3 tratamientos Duo 1h30"}]},{"@type":"WebSite","@id":"https:\/\/bains-de-llo.com\/es\/#website","url":"https:\/\/bains-de-llo.com\/es\/","name":"Bains de LLO","description":"Bains chauds sulfureux","publisher":{"@id":"https:\/\/bains-de-llo.com\/es\/#organization"},"potentialAction":[{"@type":"SearchAction","target":{"@type":"EntryPoint","urlTemplate":"https:\/\/bains-de-llo.com\/es\/?s={search_term_string}"},"query-input":{"@type":"PropertyValueSpecification","valueRequired":true,"valueName":"search_term_string"}}],"inLanguage":"es"},{"@type":"Organization","@id":"https:\/\/bains-de-llo.com\/es\/#organization","name":"Bains de LLo","url":"https:\/\/bains-de-llo.com\/es\/","logo":{"@type":"ImageObject","inLanguage":"es","@id":"https:\/\/bains-de-llo.com\/es\/#\/schema\/logo\/image\/","url":"https:\/\/bains-de-llo.com\/wp-content\/uploads\/2019\/04\/login-logo.png","contentUrl":"https:\/\/bains-de-llo.com\/wp-content\/uploads\/2019\/04\/login-logo.png","width":600,"height":137,"caption":"Bains de LLo"},"image":{"@id":"https:\/\/bains-de-llo.com\/es\/#\/schema\/logo\/image\/"},"sameAs":["https:\/\/www.facebook.com\/bains.de.llo\/","https:\/\/www.instagram.com\/lesbainsdello\/"]}]}},"_links":{"self":[{"href":"https:\/\/bains-de-llo.com\/es\/wp-json\/wp\/v2\/product\/182220","targetHints":{"allow":["GET"]}}],"collection":[{"href":"https:\/\/bains-de-llo.com\/es\/wp-json\/wp\/v2\/product"}],"about":[{"href":"https:\/\/bains-de-llo.com\/es\/wp-json\/wp\/v2\/types\/product"}],"replies":[{"embeddable":true,"href":"https:\/\/bains-de-llo.com\/es\/wp-json\/wp\/v2\/comments?post=182220"}],"wp:featuredmedia":[{"embeddable":true,"href":"https:\/\/bains-de-llo.com\/es\/wp-json\/wp\/v2\/media\/182133"}],"wp:attachment":[{"href":"https:\/\/bains-de-llo.com\/es\/wp-json\/wp\/v2\/media?parent=182220"}],"wp:term":[{"taxonomy":"product_cat","embeddable":true,"href":"https:\/\/bains-de-llo.com\/es\/wp-json\/wp\/v2\/product_cat?post=182220"},{"taxonomy":"product_tag","embeddable":true,"href":"https:\/\/bains-de-llo.com\/es\/wp-json\/wp\/v2\/product_tag?post=182220"}],"curies":[{"name":"wp","href":"https:\/\/api.w.org\/{rel}","templated":true}]}}