{"id":11836,"date":"2020-07-05T16:06:20","date_gmt":"2020-07-05T14:06:20","guid":{"rendered":"http:\/\/bains-de-llo.com\/?post_type=product&#038;p=11836"},"modified":"2020-10-13T16:11:57","modified_gmt":"2020-10-13T14:11:57","slug":"vale-de-regalo-3-tratamientos-1h30","status":"publish","type":"product","link":"https:\/\/bains-de-llo.com\/es\/producto\/vale-de-regalo-3-tratamientos-1h30\/","title":{"rendered":"Vale de Regalo &#8211; Formula de 3 tratamientos 1h30"},"content":{"rendered":"<p>En el momento de la reserva el destinario del bono regalo puede elegir entre :<\/p>\n<p><strong>Escapada de LLO<\/strong><br \/>\nLa escapada LLo permite una completa relajaci\u00f3n al combinar el masaje relajante Llo con un ba\u00f1o de hidromasaje con agua azufrada y una envoltura de aceite esencial. Promueve la relajaci\u00f3n muscular tanto al calmar el ba\u00f1o de hidromasaje como por el calor difuso de la envoltura.<\/p>\n<p><strong>Escapada catalana<\/strong><br \/>\nLa escapada catalana incluye un exfoliante de manteca de karit\u00e9, c\u00edtricos y sal de Gu\u00e9rande, una envoltura de aceites esenciales y el relajante masaje LLO. \u00a1puro momento de bienestar!<\/p>\n<p><strong>Escapada cocooning<\/strong><br \/>\nA base de aceites esenciales de lavanda, la escapada cocooning que incluye 3 tratamientos (exfoliaci\u00f3n, envoltura corporal y masaje) te transporta a otro mundo mezclando calor y aromas relajantes para una profunda relajaci\u00f3n.<\/p>\n<p><strong>Escapada picante<\/strong><br \/>\nCon texturas brillantes y cautivadores aromas de cardamomo, la escapada picante incluye 3 tratamientos (exfoliaci\u00f3n, envoltura y masaje) y gira en torno a la vela de especias derretida. Permite que desaparezcan las tensiones y deja una piel sublimada y remineralizada, tan suave como el terciopelo \u2026<\/p>\n","protected":false},"excerpt":{"rendered":"<p>En el momento de la reserva el destinario del bono regalo puede elegir entre el escapada de Llo, el escapada catalana, el escapada cocooning o el escapada picante (v\u00e9ase detalles).<\/p>\n<p><strong>Entrada a los ba\u00f1os termales incluida<\/strong><\/p>\n","protected":false},"featured_media":3676,"comment_status":"open","ping_status":"closed","template":"","meta":{"_et_pb_use_builder":"","_et_pb_old_content":"","_et_gb_content_width":""},"product_cat":[85],"product_tag":[],"class_list":{"0":"post-11836","1":"product","2":"type-product","3":"status-publish","4":"has-post-thumbnail","6":"product_cat-vales-de-regalo","8":"first","9":"instock","10":"virtual","11":"taxable","12":"purchasable","13":"product-type-simple"},"exclude_global_add_ons":[],"addons":[],"yoast_head":"<!-- This site is optimized with the Yoast SEO plugin v27.5 - https:\/\/yoast.com\/product\/yoast-seo-wordpress\/ -->\n<title>Vale de Regalo - Formula de 3 tratamientos 1h30 | Bains de Llo<\/title>\n<meta name=\"robots\" content=\"index, follow, max-snippet:-1, max-image-preview:large, max-video-preview:-1\" \/>\n<link rel=\"canonical\" href=\"https:\/\/bains-de-llo.com\/es\/producto\/vale-de-regalo-3-tratamientos-1h30\/\" \/>\n<meta property=\"og:locale\" content=\"es_ES\" \/>\n<meta property=\"og:type\" content=\"article\" \/>\n<meta property=\"og:title\" content=\"Vale de Regalo - Formula de 3 tratamientos 1h30 | Bains de Llo\" \/>\n<meta property=\"og:description\" content=\"En el momento de la reserva el destinario del bono regalo puede elegir entre el escapada de Llo, el escapada catalana, el escapada cocooning o el escapada picante (v\u00e9ase detalles).  Entrada a los ba\u00f1os termales incluida\" \/>\n<meta property=\"og:url\" content=\"https:\/\/bains-de-llo.com\/es\/producto\/vale-de-regalo-3-tratamientos-1h30\/\" \/>\n<meta property=\"og:site_name\" content=\"Bains de Llo\" \/>\n<meta property=\"article:publisher\" content=\"https:\/\/www.facebook.com\/bains.de.llo\/\" \/>\n<meta property=\"article:modified_time\" content=\"2020-10-13T14:11:57+00:00\" \/>\n<meta property=\"og:image\" content=\"https:\/\/bains-de-llo.com\/wp-content\/uploads\/2019\/03\/massage-large3.jpg\" \/>\n\t<meta property=\"og:image:width\" content=\"1000\" \/>\n\t<meta property=\"og:image:height\" content=\"563\" \/>\n\t<meta property=\"og:image:type\" content=\"image\/jpeg\" \/>\n<meta name=\"twitter:card\" content=\"summary_large_image\" \/>\n<meta name=\"twitter:label1\" content=\"Tiempo de lectura\" \/>\n\t<meta name=\"twitter:data1\" content=\"1 minuto\" \/>\n<script type=\"application\/ld+json\" class=\"yoast-schema-graph\">{\"@context\":\"https:\\\/\\\/schema.org\",\"@graph\":[{\"@type\":\"WebPage\",\"@id\":\"https:\\\/\\\/bains-de-llo.com\\\/es\\\/producto\\\/vale-de-regalo-3-tratamientos-1h30\\\/\",\"url\":\"https:\\\/\\\/bains-de-llo.com\\\/es\\\/producto\\\/vale-de-regalo-3-tratamientos-1h30\\\/\",\"name\":\"Vale de Regalo - Formula de 3 tratamientos 1h30 | Bains de Llo\",\"isPartOf\":{\"@id\":\"https:\\\/\\\/bains-de-llo.com\\\/es\\\/#website\"},\"primaryImageOfPage\":{\"@id\":\"https:\\\/\\\/bains-de-llo.com\\\/es\\\/producto\\\/vale-de-regalo-3-tratamientos-1h30\\\/#primaryimage\"},\"image\":{\"@id\":\"https:\\\/\\\/bains-de-llo.com\\\/es\\\/producto\\\/vale-de-regalo-3-tratamientos-1h30\\\/#primaryimage\"},\"thumbnailUrl\":\"https:\\\/\\\/bains-de-llo.com\\\/wp-content\\\/uploads\\\/2019\\\/03\\\/massage_4-3_large4.jpg\",\"datePublished\":\"2020-07-05T14:06:20+00:00\",\"dateModified\":\"2020-10-13T14:11:57+00:00\",\"breadcrumb\":{\"@id\":\"https:\\\/\\\/bains-de-llo.com\\\/es\\\/producto\\\/vale-de-regalo-3-tratamientos-1h30\\\/#breadcrumb\"},\"inLanguage\":\"es\",\"potentialAction\":[{\"@type\":\"ReadAction\",\"target\":[\"https:\\\/\\\/bains-de-llo.com\\\/es\\\/producto\\\/vale-de-regalo-3-tratamientos-1h30\\\/\"]}]},{\"@type\":\"ImageObject\",\"inLanguage\":\"es\",\"@id\":\"https:\\\/\\\/bains-de-llo.com\\\/es\\\/producto\\\/vale-de-regalo-3-tratamientos-1h30\\\/#primaryimage\",\"url\":\"https:\\\/\\\/bains-de-llo.com\\\/wp-content\\\/uploads\\\/2019\\\/03\\\/massage_4-3_large4.jpg\",\"contentUrl\":\"https:\\\/\\\/bains-de-llo.com\\\/wp-content\\\/uploads\\\/2019\\\/03\\\/massage_4-3_large4.jpg\",\"width\":1000,\"height\":750},{\"@type\":\"BreadcrumbList\",\"@id\":\"https:\\\/\\\/bains-de-llo.com\\\/es\\\/producto\\\/vale-de-regalo-3-tratamientos-1h30\\\/#breadcrumb\",\"itemListElement\":[{\"@type\":\"ListItem\",\"position\":1,\"name\":\"Home\",\"item\":\"https:\\\/\\\/bains-de-llo.com\\\/es\\\/\"},{\"@type\":\"ListItem\",\"position\":2,\"name\":\"Productos\",\"item\":\"https:\\\/\\\/bains-de-llo.com\\\/es\\\/productos\\\/\"},{\"@type\":\"ListItem\",\"position\":3,\"name\":\"Vale de Regalo &#8211; Formula de 3 tratamientos 1h30\"}]},{\"@type\":\"WebSite\",\"@id\":\"https:\\\/\\\/bains-de-llo.com\\\/es\\\/#website\",\"url\":\"https:\\\/\\\/bains-de-llo.com\\\/es\\\/\",\"name\":\"Bains de LLO\",\"description\":\"Bains chauds sulfureux\",\"publisher\":{\"@id\":\"https:\\\/\\\/bains-de-llo.com\\\/es\\\/#organization\"},\"potentialAction\":[{\"@type\":\"SearchAction\",\"target\":{\"@type\":\"EntryPoint\",\"urlTemplate\":\"https:\\\/\\\/bains-de-llo.com\\\/es\\\/?s={search_term_string}\"},\"query-input\":{\"@type\":\"PropertyValueSpecification\",\"valueRequired\":true,\"valueName\":\"search_term_string\"}}],\"inLanguage\":\"es\"},{\"@type\":\"Organization\",\"@id\":\"https:\\\/\\\/bains-de-llo.com\\\/es\\\/#organization\",\"name\":\"Bains de LLo\",\"url\":\"https:\\\/\\\/bains-de-llo.com\\\/es\\\/\",\"logo\":{\"@type\":\"ImageObject\",\"inLanguage\":\"es\",\"@id\":\"https:\\\/\\\/bains-de-llo.com\\\/es\\\/#\\\/schema\\\/logo\\\/image\\\/\",\"url\":\"https:\\\/\\\/bains-de-llo.com\\\/wp-content\\\/uploads\\\/2019\\\/04\\\/login-logo.png\",\"contentUrl\":\"https:\\\/\\\/bains-de-llo.com\\\/wp-content\\\/uploads\\\/2019\\\/04\\\/login-logo.png\",\"width\":600,\"height\":137,\"caption\":\"Bains de LLo\"},\"image\":{\"@id\":\"https:\\\/\\\/bains-de-llo.com\\\/es\\\/#\\\/schema\\\/logo\\\/image\\\/\"},\"sameAs\":[\"https:\\\/\\\/www.facebook.com\\\/bains.de.llo\\\/\",\"https:\\\/\\\/www.instagram.com\\\/lesbainsdello\\\/\"]}]}<\/script>\n<!-- \/ Yoast SEO plugin. -->","yoast_head_json":{"title":"Vale de Regalo - Formula de 3 tratamientos 1h30 | Bains de Llo","robots":{"index":"index","follow":"follow","max-snippet":"max-snippet:-1","max-image-preview":"max-image-preview:large","max-video-preview":"max-video-preview:-1"},"canonical":"https:\/\/bains-de-llo.com\/es\/producto\/vale-de-regalo-3-tratamientos-1h30\/","og_locale":"es_ES","og_type":"article","og_title":"Vale de Regalo - Formula de 3 tratamientos 1h30 | Bains de Llo","og_description":"En el momento de la reserva el destinario del bono regalo puede elegir entre el escapada de Llo, el escapada catalana, el escapada cocooning o el escapada picante (v\u00e9ase detalles).  Entrada a los ba\u00f1os termales incluida","og_url":"https:\/\/bains-de-llo.com\/es\/producto\/vale-de-regalo-3-tratamientos-1h30\/","og_site_name":"Bains de Llo","article_publisher":"https:\/\/www.facebook.com\/bains.de.llo\/","article_modified_time":"2020-10-13T14:11:57+00:00","og_image":[{"width":1000,"height":563,"url":"https:\/\/bains-de-llo.com\/wp-content\/uploads\/2019\/03\/massage-large3.jpg","type":"image\/jpeg"}],"twitter_card":"summary_large_image","twitter_misc":{"Tiempo de lectura":"1 minuto"},"schema":{"@context":"https:\/\/schema.org","@graph":[{"@type":"WebPage","@id":"https:\/\/bains-de-llo.com\/es\/producto\/vale-de-regalo-3-tratamientos-1h30\/","url":"https:\/\/bains-de-llo.com\/es\/producto\/vale-de-regalo-3-tratamientos-1h30\/","name":"Vale de Regalo - Formula de 3 tratamientos 1h30 | Bains de Llo","isPartOf":{"@id":"https:\/\/bains-de-llo.com\/es\/#website"},"primaryImageOfPage":{"@id":"https:\/\/bains-de-llo.com\/es\/producto\/vale-de-regalo-3-tratamientos-1h30\/#primaryimage"},"image":{"@id":"https:\/\/bains-de-llo.com\/es\/producto\/vale-de-regalo-3-tratamientos-1h30\/#primaryimage"},"thumbnailUrl":"https:\/\/bains-de-llo.com\/wp-content\/uploads\/2019\/03\/massage_4-3_large4.jpg","datePublished":"2020-07-05T14:06:20+00:00","dateModified":"2020-10-13T14:11:57+00:00","breadcrumb":{"@id":"https:\/\/bains-de-llo.com\/es\/producto\/vale-de-regalo-3-tratamientos-1h30\/#breadcrumb"},"inLanguage":"es","potentialAction":[{"@type":"ReadAction","target":["https:\/\/bains-de-llo.com\/es\/producto\/vale-de-regalo-3-tratamientos-1h30\/"]}]},{"@type":"ImageObject","inLanguage":"es","@id":"https:\/\/bains-de-llo.com\/es\/producto\/vale-de-regalo-3-tratamientos-1h30\/#primaryimage","url":"https:\/\/bains-de-llo.com\/wp-content\/uploads\/2019\/03\/massage_4-3_large4.jpg","contentUrl":"https:\/\/bains-de-llo.com\/wp-content\/uploads\/2019\/03\/massage_4-3_large4.jpg","width":1000,"height":750},{"@type":"BreadcrumbList","@id":"https:\/\/bains-de-llo.com\/es\/producto\/vale-de-regalo-3-tratamientos-1h30\/#breadcrumb","itemListElement":[{"@type":"ListItem","position":1,"name":"Home","item":"https:\/\/bains-de-llo.com\/es\/"},{"@type":"ListItem","position":2,"name":"Productos","item":"https:\/\/bains-de-llo.com\/es\/productos\/"},{"@type":"ListItem","position":3,"name":"Vale de Regalo &#8211; Formula de 3 tratamientos 1h30"}]},{"@type":"WebSite","@id":"https:\/\/bains-de-llo.com\/es\/#website","url":"https:\/\/bains-de-llo.com\/es\/","name":"Bains de LLO","description":"Bains chauds sulfureux","publisher":{"@id":"https:\/\/bains-de-llo.com\/es\/#organization"},"potentialAction":[{"@type":"SearchAction","target":{"@type":"EntryPoint","urlTemplate":"https:\/\/bains-de-llo.com\/es\/?s={search_term_string}"},"query-input":{"@type":"PropertyValueSpecification","valueRequired":true,"valueName":"search_term_string"}}],"inLanguage":"es"},{"@type":"Organization","@id":"https:\/\/bains-de-llo.com\/es\/#organization","name":"Bains de LLo","url":"https:\/\/bains-de-llo.com\/es\/","logo":{"@type":"ImageObject","inLanguage":"es","@id":"https:\/\/bains-de-llo.com\/es\/#\/schema\/logo\/image\/","url":"https:\/\/bains-de-llo.com\/wp-content\/uploads\/2019\/04\/login-logo.png","contentUrl":"https:\/\/bains-de-llo.com\/wp-content\/uploads\/2019\/04\/login-logo.png","width":600,"height":137,"caption":"Bains de LLo"},"image":{"@id":"https:\/\/bains-de-llo.com\/es\/#\/schema\/logo\/image\/"},"sameAs":["https:\/\/www.facebook.com\/bains.de.llo\/","https:\/\/www.instagram.com\/lesbainsdello\/"]}]}},"_links":{"self":[{"href":"https:\/\/bains-de-llo.com\/es\/wp-json\/wp\/v2\/product\/11836","targetHints":{"allow":["GET"]}}],"collection":[{"href":"https:\/\/bains-de-llo.com\/es\/wp-json\/wp\/v2\/product"}],"about":[{"href":"https:\/\/bains-de-llo.com\/es\/wp-json\/wp\/v2\/types\/product"}],"replies":[{"embeddable":true,"href":"https:\/\/bains-de-llo.com\/es\/wp-json\/wp\/v2\/comments?post=11836"}],"wp:featuredmedia":[{"embeddable":true,"href":"https:\/\/bains-de-llo.com\/es\/wp-json\/wp\/v2\/media\/3676"}],"wp:attachment":[{"href":"https:\/\/bains-de-llo.com\/es\/wp-json\/wp\/v2\/media?parent=11836"}],"wp:term":[{"taxonomy":"product_cat","embeddable":true,"href":"https:\/\/bains-de-llo.com\/es\/wp-json\/wp\/v2\/product_cat?post=11836"},{"taxonomy":"product_tag","embeddable":true,"href":"https:\/\/bains-de-llo.com\/es\/wp-json\/wp\/v2\/product_tag?post=11836"}],"curies":[{"name":"wp","href":"https:\/\/api.w.org\/{rel}","templated":true}]}}