{"id":11828,"date":"2020-06-20T15:52:56","date_gmt":"2020-06-20T13:52:56","guid":{"rendered":"http:\/\/bains-de-llo.com\/?post_type=product&#038;p=11828"},"modified":"2020-10-13T15:54:32","modified_gmt":"2020-10-13T13:54:32","slug":"vale-de-regalo-oferta-especial-familia","status":"publish","type":"product","link":"https:\/\/bains-de-llo.com\/es\/producto\/vale-de-regalo-oferta-especial-familia\/","title":{"rendered":"Vale de regalo &#8211; Oferta especial para a familia (2 adultos + 2 ni\u00f1os < 14 a\u00f1os)"},"content":{"rendered":"","protected":false},"excerpt":{"rendered":"<p>2h de ba\u00f1o en aguas calientes sulfurosas<br \/>\nAcceso libre al spa termal\u00fadico (piscinas interiores y exteriores) para adultos e ni\u00f1os.<br \/>\nAcceso libre al \u00e1rea de bienestar (hammam, sauna, camino de agua fr\u00eda\u2026) para adultos.<\/p>\n","protected":false},"featured_media":180440,"comment_status":"closed","ping_status":"closed","template":"","meta":{"_et_pb_use_builder":"","_et_pb_old_content":"","_et_gb_content_width":""},"product_cat":[85],"product_tag":[],"class_list":{"0":"post-11828","1":"product","2":"type-product","3":"status-publish","4":"has-post-thumbnail","6":"product_cat-vales-de-regalo","8":"first","9":"instock","10":"virtual","11":"taxable","12":"purchasable","13":"product-type-simple"},"exclude_global_add_ons":[],"addons":[],"yoast_head":"<!-- This site is optimized with the Yoast SEO plugin v27.5 - https:\/\/yoast.com\/product\/yoast-seo-wordpress\/ -->\n<title>Vale de regalo - Oferta especial para a familia (2 adultos + 2 ni\u00f1os &lt; 14 a\u00f1os) | Bains de Llo<\/title>\n<meta name=\"robots\" content=\"index, follow, max-snippet:-1, max-image-preview:large, max-video-preview:-1\" \/>\n<link rel=\"canonical\" href=\"https:\/\/bains-de-llo.com\/es\/producto\/vale-de-regalo-oferta-especial-familia\/\" \/>\n<meta property=\"og:locale\" content=\"es_ES\" \/>\n<meta property=\"og:type\" content=\"article\" \/>\n<meta property=\"og:title\" content=\"Vale de regalo - Oferta especial para a familia (2 adultos + 2 ni\u00f1os &lt; 14 a\u00f1os) | Bains de Llo\" \/>\n<meta property=\"og:description\" content=\"2h de ba\u00f1o en aguas calientes sulfurosas Acceso libre al spa termal\u00fadico (piscinas interiores y exteriores) para adultos e ni\u00f1os. Acceso libre al \u00e1rea de bienestar (hammam, sauna, camino de agua fr\u00eda\u2026) para adultos.\" \/>\n<meta property=\"og:url\" content=\"https:\/\/bains-de-llo.com\/es\/producto\/vale-de-regalo-oferta-especial-familia\/\" \/>\n<meta property=\"og:site_name\" content=\"Bains de Llo\" \/>\n<meta property=\"article:publisher\" content=\"https:\/\/www.facebook.com\/bains.de.llo\/\" \/>\n<meta property=\"article:modified_time\" content=\"2020-10-13T13:54:32+00:00\" \/>\n<meta property=\"og:image\" content=\"https:\/\/bains-de-llo.com\/wp-content\/uploads\/2020\/10\/Capture-de\u0301cran-2020-10-09-a\u0300-15.51.05.jpg\" \/>\n\t<meta property=\"og:image:width\" content=\"941\" \/>\n\t<meta property=\"og:image:height\" content=\"603\" \/>\n\t<meta property=\"og:image:type\" content=\"image\/jpeg\" \/>\n<meta name=\"twitter:card\" content=\"summary_large_image\" \/>\n<script type=\"application\/ld+json\" class=\"yoast-schema-graph\">{\"@context\":\"https:\\\/\\\/schema.org\",\"@graph\":[{\"@type\":\"WebPage\",\"@id\":\"https:\\\/\\\/bains-de-llo.com\\\/es\\\/producto\\\/vale-de-regalo-oferta-especial-familia\\\/\",\"url\":\"https:\\\/\\\/bains-de-llo.com\\\/es\\\/producto\\\/vale-de-regalo-oferta-especial-familia\\\/\",\"name\":\"Vale de regalo - Oferta especial para a familia (2 adultos + 2 ni\u00f1os < 14 a\u00f1os) | Bains de Llo\",\"isPartOf\":{\"@id\":\"https:\\\/\\\/bains-de-llo.com\\\/es\\\/#website\"},\"primaryImageOfPage\":{\"@id\":\"https:\\\/\\\/bains-de-llo.com\\\/es\\\/producto\\\/vale-de-regalo-oferta-especial-familia\\\/#primaryimage\"},\"image\":{\"@id\":\"https:\\\/\\\/bains-de-llo.com\\\/es\\\/producto\\\/vale-de-regalo-oferta-especial-familia\\\/#primaryimage\"},\"thumbnailUrl\":\"https:\\\/\\\/bains-de-llo.com\\\/wp-content\\\/uploads\\\/2020\\\/06\\\/images.jpg\",\"datePublished\":\"2020-06-20T13:52:56+00:00\",\"dateModified\":\"2020-10-13T13:54:32+00:00\",\"breadcrumb\":{\"@id\":\"https:\\\/\\\/bains-de-llo.com\\\/es\\\/producto\\\/vale-de-regalo-oferta-especial-familia\\\/#breadcrumb\"},\"inLanguage\":\"es\",\"potentialAction\":[{\"@type\":\"ReadAction\",\"target\":[\"https:\\\/\\\/bains-de-llo.com\\\/es\\\/producto\\\/vale-de-regalo-oferta-especial-familia\\\/\"]}]},{\"@type\":\"ImageObject\",\"inLanguage\":\"es\",\"@id\":\"https:\\\/\\\/bains-de-llo.com\\\/es\\\/producto\\\/vale-de-regalo-oferta-especial-familia\\\/#primaryimage\",\"url\":\"https:\\\/\\\/bains-de-llo.com\\\/wp-content\\\/uploads\\\/2020\\\/06\\\/images.jpg\",\"contentUrl\":\"https:\\\/\\\/bains-de-llo.com\\\/wp-content\\\/uploads\\\/2020\\\/06\\\/images.jpg\",\"width\":275,\"height\":183},{\"@type\":\"BreadcrumbList\",\"@id\":\"https:\\\/\\\/bains-de-llo.com\\\/es\\\/producto\\\/vale-de-regalo-oferta-especial-familia\\\/#breadcrumb\",\"itemListElement\":[{\"@type\":\"ListItem\",\"position\":1,\"name\":\"Home\",\"item\":\"https:\\\/\\\/bains-de-llo.com\\\/es\\\/\"},{\"@type\":\"ListItem\",\"position\":2,\"name\":\"Productos\",\"item\":\"https:\\\/\\\/bains-de-llo.com\\\/es\\\/productos\\\/\"},{\"@type\":\"ListItem\",\"position\":3,\"name\":\"Vale de regalo &#8211; Oferta especial para a familia (2 adultos + 2 ni\u00f1os < 14 a\u00f1os)\"}]},{\"@type\":\"WebSite\",\"@id\":\"https:\\\/\\\/bains-de-llo.com\\\/es\\\/#website\",\"url\":\"https:\\\/\\\/bains-de-llo.com\\\/es\\\/\",\"name\":\"Bains de LLO\",\"description\":\"Bains chauds sulfureux\",\"publisher\":{\"@id\":\"https:\\\/\\\/bains-de-llo.com\\\/es\\\/#organization\"},\"potentialAction\":[{\"@type\":\"SearchAction\",\"target\":{\"@type\":\"EntryPoint\",\"urlTemplate\":\"https:\\\/\\\/bains-de-llo.com\\\/es\\\/?s={search_term_string}\"},\"query-input\":{\"@type\":\"PropertyValueSpecification\",\"valueRequired\":true,\"valueName\":\"search_term_string\"}}],\"inLanguage\":\"es\"},{\"@type\":\"Organization\",\"@id\":\"https:\\\/\\\/bains-de-llo.com\\\/es\\\/#organization\",\"name\":\"Bains de LLo\",\"url\":\"https:\\\/\\\/bains-de-llo.com\\\/es\\\/\",\"logo\":{\"@type\":\"ImageObject\",\"inLanguage\":\"es\",\"@id\":\"https:\\\/\\\/bains-de-llo.com\\\/es\\\/#\\\/schema\\\/logo\\\/image\\\/\",\"url\":\"https:\\\/\\\/bains-de-llo.com\\\/wp-content\\\/uploads\\\/2019\\\/04\\\/login-logo.png\",\"contentUrl\":\"https:\\\/\\\/bains-de-llo.com\\\/wp-content\\\/uploads\\\/2019\\\/04\\\/login-logo.png\",\"width\":600,\"height\":137,\"caption\":\"Bains de LLo\"},\"image\":{\"@id\":\"https:\\\/\\\/bains-de-llo.com\\\/es\\\/#\\\/schema\\\/logo\\\/image\\\/\"},\"sameAs\":[\"https:\\\/\\\/www.facebook.com\\\/bains.de.llo\\\/\",\"https:\\\/\\\/www.instagram.com\\\/lesbainsdello\\\/\"]}]}<\/script>\n<!-- \/ Yoast SEO plugin. -->","yoast_head_json":{"title":"Vale de regalo - Oferta especial para a familia (2 adultos + 2 ni\u00f1os < 14 a\u00f1os) | Bains de Llo","robots":{"index":"index","follow":"follow","max-snippet":"max-snippet:-1","max-image-preview":"max-image-preview:large","max-video-preview":"max-video-preview:-1"},"canonical":"https:\/\/bains-de-llo.com\/es\/producto\/vale-de-regalo-oferta-especial-familia\/","og_locale":"es_ES","og_type":"article","og_title":"Vale de regalo - Oferta especial para a familia (2 adultos + 2 ni\u00f1os < 14 a\u00f1os) | Bains de Llo","og_description":"2h de ba\u00f1o en aguas calientes sulfurosas Acceso libre al spa termal\u00fadico (piscinas interiores y exteriores) para adultos e ni\u00f1os. Acceso libre al \u00e1rea de bienestar (hammam, sauna, camino de agua fr\u00eda\u2026) para adultos.","og_url":"https:\/\/bains-de-llo.com\/es\/producto\/vale-de-regalo-oferta-especial-familia\/","og_site_name":"Bains de Llo","article_publisher":"https:\/\/www.facebook.com\/bains.de.llo\/","article_modified_time":"2020-10-13T13:54:32+00:00","og_image":[{"width":941,"height":603,"url":"https:\/\/bains-de-llo.com\/wp-content\/uploads\/2020\/10\/Capture-de\u0301cran-2020-10-09-a\u0300-15.51.05.jpg","type":"image\/jpeg"}],"twitter_card":"summary_large_image","schema":{"@context":"https:\/\/schema.org","@graph":[{"@type":"WebPage","@id":"https:\/\/bains-de-llo.com\/es\/producto\/vale-de-regalo-oferta-especial-familia\/","url":"https:\/\/bains-de-llo.com\/es\/producto\/vale-de-regalo-oferta-especial-familia\/","name":"Vale de regalo - Oferta especial para a familia (2 adultos + 2 ni\u00f1os < 14 a\u00f1os) | Bains de Llo","isPartOf":{"@id":"https:\/\/bains-de-llo.com\/es\/#website"},"primaryImageOfPage":{"@id":"https:\/\/bains-de-llo.com\/es\/producto\/vale-de-regalo-oferta-especial-familia\/#primaryimage"},"image":{"@id":"https:\/\/bains-de-llo.com\/es\/producto\/vale-de-regalo-oferta-especial-familia\/#primaryimage"},"thumbnailUrl":"https:\/\/bains-de-llo.com\/wp-content\/uploads\/2020\/06\/images.jpg","datePublished":"2020-06-20T13:52:56+00:00","dateModified":"2020-10-13T13:54:32+00:00","breadcrumb":{"@id":"https:\/\/bains-de-llo.com\/es\/producto\/vale-de-regalo-oferta-especial-familia\/#breadcrumb"},"inLanguage":"es","potentialAction":[{"@type":"ReadAction","target":["https:\/\/bains-de-llo.com\/es\/producto\/vale-de-regalo-oferta-especial-familia\/"]}]},{"@type":"ImageObject","inLanguage":"es","@id":"https:\/\/bains-de-llo.com\/es\/producto\/vale-de-regalo-oferta-especial-familia\/#primaryimage","url":"https:\/\/bains-de-llo.com\/wp-content\/uploads\/2020\/06\/images.jpg","contentUrl":"https:\/\/bains-de-llo.com\/wp-content\/uploads\/2020\/06\/images.jpg","width":275,"height":183},{"@type":"BreadcrumbList","@id":"https:\/\/bains-de-llo.com\/es\/producto\/vale-de-regalo-oferta-especial-familia\/#breadcrumb","itemListElement":[{"@type":"ListItem","position":1,"name":"Home","item":"https:\/\/bains-de-llo.com\/es\/"},{"@type":"ListItem","position":2,"name":"Productos","item":"https:\/\/bains-de-llo.com\/es\/productos\/"},{"@type":"ListItem","position":3,"name":"Vale de regalo &#8211; Oferta especial para a familia (2 adultos + 2 ni\u00f1os < 14 a\u00f1os)"}]},{"@type":"WebSite","@id":"https:\/\/bains-de-llo.com\/es\/#website","url":"https:\/\/bains-de-llo.com\/es\/","name":"Bains de LLO","description":"Bains chauds sulfureux","publisher":{"@id":"https:\/\/bains-de-llo.com\/es\/#organization"},"potentialAction":[{"@type":"SearchAction","target":{"@type":"EntryPoint","urlTemplate":"https:\/\/bains-de-llo.com\/es\/?s={search_term_string}"},"query-input":{"@type":"PropertyValueSpecification","valueRequired":true,"valueName":"search_term_string"}}],"inLanguage":"es"},{"@type":"Organization","@id":"https:\/\/bains-de-llo.com\/es\/#organization","name":"Bains de LLo","url":"https:\/\/bains-de-llo.com\/es\/","logo":{"@type":"ImageObject","inLanguage":"es","@id":"https:\/\/bains-de-llo.com\/es\/#\/schema\/logo\/image\/","url":"https:\/\/bains-de-llo.com\/wp-content\/uploads\/2019\/04\/login-logo.png","contentUrl":"https:\/\/bains-de-llo.com\/wp-content\/uploads\/2019\/04\/login-logo.png","width":600,"height":137,"caption":"Bains de LLo"},"image":{"@id":"https:\/\/bains-de-llo.com\/es\/#\/schema\/logo\/image\/"},"sameAs":["https:\/\/www.facebook.com\/bains.de.llo\/","https:\/\/www.instagram.com\/lesbainsdello\/"]}]}},"_links":{"self":[{"href":"https:\/\/bains-de-llo.com\/es\/wp-json\/wp\/v2\/product\/11828","targetHints":{"allow":["GET"]}}],"collection":[{"href":"https:\/\/bains-de-llo.com\/es\/wp-json\/wp\/v2\/product"}],"about":[{"href":"https:\/\/bains-de-llo.com\/es\/wp-json\/wp\/v2\/types\/product"}],"replies":[{"embeddable":true,"href":"https:\/\/bains-de-llo.com\/es\/wp-json\/wp\/v2\/comments?post=11828"}],"wp:featuredmedia":[{"embeddable":true,"href":"https:\/\/bains-de-llo.com\/es\/wp-json\/wp\/v2\/media\/180440"}],"wp:attachment":[{"href":"https:\/\/bains-de-llo.com\/es\/wp-json\/wp\/v2\/media?parent=11828"}],"wp:term":[{"taxonomy":"product_cat","embeddable":true,"href":"https:\/\/bains-de-llo.com\/es\/wp-json\/wp\/v2\/product_cat?post=11828"},{"taxonomy":"product_tag","embeddable":true,"href":"https:\/\/bains-de-llo.com\/es\/wp-json\/wp\/v2\/product_tag?post=11828"}],"curies":[{"name":"wp","href":"https:\/\/api.w.org\/{rel}","templated":true}]}}