{"id":10132,"date":"2019-02-19T23:30:59","date_gmt":"2019-02-19T22:30:59","guid":{"rendered":"http:\/\/bains-de-llo.com\/produit\/apartemento-le-carlit\/"},"modified":"2023-12-20T11:31:31","modified_gmt":"2023-12-20T10:31:31","slug":"apartemento-le-carlit","status":"publish","type":"product","link":"https:\/\/bains-de-llo.com\/es\/producto\/apartemento-le-carlit\/","title":{"rendered":"Apartemento Le Carlit"},"content":{"rendered":"<p>Apartamento tranquilo, arriba, ubicado a los pies de las Bains de Llo, ideal para recargar las pilas ba\u00f1\u00e1ndose en agua sulfurosa caliente despu\u00e9s (\u00a1o antes!) Un d\u00eda de senderismo, descubriendo Cerdanya, golf o esquiar. Incluye un dormitorio con cama doble (160 cm), armario y TV, cuarto de ba\u00f1o con lavadora y secadora, 1 sala de estar con sof\u00e1 cama, TV y zona de comedor y una cocina totalmente equipada (lavavajillas, horno). y microondas, platos, etc &#8230;). Es posible almorzar afuera en una terraza soleada para compartir con los inquilinos de los otros 2 apartamentos.<\/p>\n<p>LLo es un pueblo encantador, el punto de partida para muchas caminatas, particularmente en las gargantas del S\u00e8gre. Las estaciones de esqu\u00ed francesas (Font Romeu, Cambre d&#8217;Az, Port\u00e9 Puymorens) y las estaciones de esqu\u00ed espa\u00f1olas (La Masella, La Molina) o los campos de golf (Fontanals, Golf Royal) est\u00e1n a menos de media hora en coche. Muchas actividades son f\u00e1cilmente accesibles (Masajes en el Nature Spa, Via Ferrata de Llo, horno solar Montlouis, cueva Fontrabiouse, Parc Animalier des Angles, etc.) sin olvidar la gastronom\u00eda francesa (Restaurant Planes, la charcuter\u00eda Bonzom en Saillagouse) y la gastronom\u00eda espa\u00f1ola (Restaurant Can Ventura en Llivia).<\/p>\n","protected":false},"excerpt":{"rendered":"<p>Capacidad para : 4 personas. 38 m2, 1 habitaci\u00f3n (cama doble), 1 sala de estar (sof\u00e1 cama), \u00e1rea de cocina totalmente equipada, 1 cuarto de ba\u00f1o (lavadora y secadora), acceso WiFi.<\/p>\n<p>Se requerir\u00e1 un dep\u00f3sito de 200\u20ac a la llegada (en efectivo, cheque o tarjeta de cr\u00e9dito).<\/p>\n","protected":false},"featured_media":6799,"comment_status":"closed","ping_status":"closed","template":"","meta":{"_et_pb_use_builder":"","_et_pb_old_content":"","_et_gb_content_width":""},"product_cat":[34],"product_tag":[],"class_list":{"0":"post-10132","1":"product","2":"type-product","3":"status-publish","4":"has-post-thumbnail","6":"product_cat-hebergement","8":"first","9":"instock","10":"virtual","11":"sold-individually","12":"purchasable","13":"product-type-booking"},"exclude_global_add_ons":[],"addons":[],"yoast_head":"<!-- This site is optimized with the Yoast SEO plugin v27.5 - https:\/\/yoast.com\/product\/yoast-seo-wordpress\/ -->\n<title>Apartemento Le Carlit | Bains de Llo<\/title>\n<meta name=\"robots\" content=\"index, follow, max-snippet:-1, max-image-preview:large, max-video-preview:-1\" \/>\n<link rel=\"canonical\" href=\"https:\/\/bains-de-llo.com\/es\/producto\/apartemento-le-carlit\/\" \/>\n<meta property=\"og:locale\" content=\"es_ES\" \/>\n<meta property=\"og:type\" content=\"article\" \/>\n<meta property=\"og:title\" content=\"Apartemento Le Carlit | Bains de Llo\" \/>\n<meta property=\"og:description\" content=\"Capacidad para : 4 personas. 38 m2, 1 habitaci\u00f3n (cama doble), 1 sala de estar (sof\u00e1 cama), \u00e1rea de cocina totalmente equipada, 1 cuarto de ba\u00f1o (lavadora y secadora), acceso WiFi.  Se requerir\u00e1 un dep\u00f3sito de 200\u20ac a la llegada (en efectivo, cheque o tarjeta de cr\u00e9dito).\" \/>\n<meta property=\"og:url\" content=\"https:\/\/bains-de-llo.com\/es\/producto\/apartemento-le-carlit\/\" \/>\n<meta property=\"og:site_name\" content=\"Bains de Llo\" \/>\n<meta property=\"article:publisher\" content=\"https:\/\/www.facebook.com\/bains.de.llo\/\" \/>\n<meta property=\"article:modified_time\" content=\"2023-12-20T10:31:31+00:00\" \/>\n<meta property=\"og:image\" content=\"https:\/\/bains-de-llo.com\/wp-content\/uploads\/2019\/02\/IMG_20191030_150127-2.jpg\" \/>\n\t<meta property=\"og:image:width\" content=\"1626\" \/>\n\t<meta property=\"og:image:height\" content=\"1080\" \/>\n\t<meta property=\"og:image:type\" content=\"image\/jpeg\" \/>\n<meta name=\"twitter:card\" content=\"summary_large_image\" \/>\n<meta name=\"twitter:label1\" content=\"Tiempo de lectura\" \/>\n\t<meta name=\"twitter:data1\" content=\"2 minutos\" \/>\n<script type=\"application\/ld+json\" class=\"yoast-schema-graph\">{\"@context\":\"https:\\\/\\\/schema.org\",\"@graph\":[{\"@type\":\"WebPage\",\"@id\":\"https:\\\/\\\/bains-de-llo.com\\\/es\\\/producto\\\/apartemento-le-carlit\\\/\",\"url\":\"https:\\\/\\\/bains-de-llo.com\\\/es\\\/producto\\\/apartemento-le-carlit\\\/\",\"name\":\"Apartemento Le Carlit | Bains de Llo\",\"isPartOf\":{\"@id\":\"https:\\\/\\\/bains-de-llo.com\\\/es\\\/#website\"},\"primaryImageOfPage\":{\"@id\":\"https:\\\/\\\/bains-de-llo.com\\\/es\\\/producto\\\/apartemento-le-carlit\\\/#primaryimage\"},\"image\":{\"@id\":\"https:\\\/\\\/bains-de-llo.com\\\/es\\\/producto\\\/apartemento-le-carlit\\\/#primaryimage\"},\"thumbnailUrl\":\"https:\\\/\\\/bains-de-llo.com\\\/wp-content\\\/uploads\\\/2019\\\/02\\\/IMG_20191030_150127-2.jpg\",\"datePublished\":\"2019-02-19T22:30:59+00:00\",\"dateModified\":\"2023-12-20T10:31:31+00:00\",\"breadcrumb\":{\"@id\":\"https:\\\/\\\/bains-de-llo.com\\\/es\\\/producto\\\/apartemento-le-carlit\\\/#breadcrumb\"},\"inLanguage\":\"es\",\"potentialAction\":[{\"@type\":\"ReadAction\",\"target\":[\"https:\\\/\\\/bains-de-llo.com\\\/es\\\/producto\\\/apartemento-le-carlit\\\/\"]}]},{\"@type\":\"ImageObject\",\"inLanguage\":\"es\",\"@id\":\"https:\\\/\\\/bains-de-llo.com\\\/es\\\/producto\\\/apartemento-le-carlit\\\/#primaryimage\",\"url\":\"https:\\\/\\\/bains-de-llo.com\\\/wp-content\\\/uploads\\\/2019\\\/02\\\/IMG_20191030_150127-2.jpg\",\"contentUrl\":\"https:\\\/\\\/bains-de-llo.com\\\/wp-content\\\/uploads\\\/2019\\\/02\\\/IMG_20191030_150127-2.jpg\",\"width\":1626,\"height\":1080},{\"@type\":\"BreadcrumbList\",\"@id\":\"https:\\\/\\\/bains-de-llo.com\\\/es\\\/producto\\\/apartemento-le-carlit\\\/#breadcrumb\",\"itemListElement\":[{\"@type\":\"ListItem\",\"position\":1,\"name\":\"Home\",\"item\":\"https:\\\/\\\/bains-de-llo.com\\\/es\\\/\"},{\"@type\":\"ListItem\",\"position\":2,\"name\":\"Productos\",\"item\":\"https:\\\/\\\/bains-de-llo.com\\\/es\\\/productos\\\/\"},{\"@type\":\"ListItem\",\"position\":3,\"name\":\"Apartemento Le Carlit\"}]},{\"@type\":\"WebSite\",\"@id\":\"https:\\\/\\\/bains-de-llo.com\\\/es\\\/#website\",\"url\":\"https:\\\/\\\/bains-de-llo.com\\\/es\\\/\",\"name\":\"Bains de LLO\",\"description\":\"Bains chauds sulfureux\",\"publisher\":{\"@id\":\"https:\\\/\\\/bains-de-llo.com\\\/es\\\/#organization\"},\"potentialAction\":[{\"@type\":\"SearchAction\",\"target\":{\"@type\":\"EntryPoint\",\"urlTemplate\":\"https:\\\/\\\/bains-de-llo.com\\\/es\\\/?s={search_term_string}\"},\"query-input\":{\"@type\":\"PropertyValueSpecification\",\"valueRequired\":true,\"valueName\":\"search_term_string\"}}],\"inLanguage\":\"es\"},{\"@type\":\"Organization\",\"@id\":\"https:\\\/\\\/bains-de-llo.com\\\/es\\\/#organization\",\"name\":\"Bains de LLo\",\"url\":\"https:\\\/\\\/bains-de-llo.com\\\/es\\\/\",\"logo\":{\"@type\":\"ImageObject\",\"inLanguage\":\"es\",\"@id\":\"https:\\\/\\\/bains-de-llo.com\\\/es\\\/#\\\/schema\\\/logo\\\/image\\\/\",\"url\":\"https:\\\/\\\/bains-de-llo.com\\\/wp-content\\\/uploads\\\/2019\\\/04\\\/login-logo.png\",\"contentUrl\":\"https:\\\/\\\/bains-de-llo.com\\\/wp-content\\\/uploads\\\/2019\\\/04\\\/login-logo.png\",\"width\":600,\"height\":137,\"caption\":\"Bains de LLo\"},\"image\":{\"@id\":\"https:\\\/\\\/bains-de-llo.com\\\/es\\\/#\\\/schema\\\/logo\\\/image\\\/\"},\"sameAs\":[\"https:\\\/\\\/www.facebook.com\\\/bains.de.llo\\\/\",\"https:\\\/\\\/www.instagram.com\\\/lesbainsdello\\\/\"]}]}<\/script>\n<!-- \/ Yoast SEO plugin. -->","yoast_head_json":{"title":"Apartemento Le Carlit | Bains de Llo","robots":{"index":"index","follow":"follow","max-snippet":"max-snippet:-1","max-image-preview":"max-image-preview:large","max-video-preview":"max-video-preview:-1"},"canonical":"https:\/\/bains-de-llo.com\/es\/producto\/apartemento-le-carlit\/","og_locale":"es_ES","og_type":"article","og_title":"Apartemento Le Carlit | Bains de Llo","og_description":"Capacidad para : 4 personas. 38 m2, 1 habitaci\u00f3n (cama doble), 1 sala de estar (sof\u00e1 cama), \u00e1rea de cocina totalmente equipada, 1 cuarto de ba\u00f1o (lavadora y secadora), acceso WiFi.  Se requerir\u00e1 un dep\u00f3sito de 200\u20ac a la llegada (en efectivo, cheque o tarjeta de cr\u00e9dito).","og_url":"https:\/\/bains-de-llo.com\/es\/producto\/apartemento-le-carlit\/","og_site_name":"Bains de Llo","article_publisher":"https:\/\/www.facebook.com\/bains.de.llo\/","article_modified_time":"2023-12-20T10:31:31+00:00","og_image":[{"width":1626,"height":1080,"url":"https:\/\/bains-de-llo.com\/wp-content\/uploads\/2019\/02\/IMG_20191030_150127-2.jpg","type":"image\/jpeg"}],"twitter_card":"summary_large_image","twitter_misc":{"Tiempo de lectura":"2 minutos"},"schema":{"@context":"https:\/\/schema.org","@graph":[{"@type":"WebPage","@id":"https:\/\/bains-de-llo.com\/es\/producto\/apartemento-le-carlit\/","url":"https:\/\/bains-de-llo.com\/es\/producto\/apartemento-le-carlit\/","name":"Apartemento Le Carlit | Bains de Llo","isPartOf":{"@id":"https:\/\/bains-de-llo.com\/es\/#website"},"primaryImageOfPage":{"@id":"https:\/\/bains-de-llo.com\/es\/producto\/apartemento-le-carlit\/#primaryimage"},"image":{"@id":"https:\/\/bains-de-llo.com\/es\/producto\/apartemento-le-carlit\/#primaryimage"},"thumbnailUrl":"https:\/\/bains-de-llo.com\/wp-content\/uploads\/2019\/02\/IMG_20191030_150127-2.jpg","datePublished":"2019-02-19T22:30:59+00:00","dateModified":"2023-12-20T10:31:31+00:00","breadcrumb":{"@id":"https:\/\/bains-de-llo.com\/es\/producto\/apartemento-le-carlit\/#breadcrumb"},"inLanguage":"es","potentialAction":[{"@type":"ReadAction","target":["https:\/\/bains-de-llo.com\/es\/producto\/apartemento-le-carlit\/"]}]},{"@type":"ImageObject","inLanguage":"es","@id":"https:\/\/bains-de-llo.com\/es\/producto\/apartemento-le-carlit\/#primaryimage","url":"https:\/\/bains-de-llo.com\/wp-content\/uploads\/2019\/02\/IMG_20191030_150127-2.jpg","contentUrl":"https:\/\/bains-de-llo.com\/wp-content\/uploads\/2019\/02\/IMG_20191030_150127-2.jpg","width":1626,"height":1080},{"@type":"BreadcrumbList","@id":"https:\/\/bains-de-llo.com\/es\/producto\/apartemento-le-carlit\/#breadcrumb","itemListElement":[{"@type":"ListItem","position":1,"name":"Home","item":"https:\/\/bains-de-llo.com\/es\/"},{"@type":"ListItem","position":2,"name":"Productos","item":"https:\/\/bains-de-llo.com\/es\/productos\/"},{"@type":"ListItem","position":3,"name":"Apartemento Le Carlit"}]},{"@type":"WebSite","@id":"https:\/\/bains-de-llo.com\/es\/#website","url":"https:\/\/bains-de-llo.com\/es\/","name":"Bains de LLO","description":"Bains chauds sulfureux","publisher":{"@id":"https:\/\/bains-de-llo.com\/es\/#organization"},"potentialAction":[{"@type":"SearchAction","target":{"@type":"EntryPoint","urlTemplate":"https:\/\/bains-de-llo.com\/es\/?s={search_term_string}"},"query-input":{"@type":"PropertyValueSpecification","valueRequired":true,"valueName":"search_term_string"}}],"inLanguage":"es"},{"@type":"Organization","@id":"https:\/\/bains-de-llo.com\/es\/#organization","name":"Bains de LLo","url":"https:\/\/bains-de-llo.com\/es\/","logo":{"@type":"ImageObject","inLanguage":"es","@id":"https:\/\/bains-de-llo.com\/es\/#\/schema\/logo\/image\/","url":"https:\/\/bains-de-llo.com\/wp-content\/uploads\/2019\/04\/login-logo.png","contentUrl":"https:\/\/bains-de-llo.com\/wp-content\/uploads\/2019\/04\/login-logo.png","width":600,"height":137,"caption":"Bains de LLo"},"image":{"@id":"https:\/\/bains-de-llo.com\/es\/#\/schema\/logo\/image\/"},"sameAs":["https:\/\/www.facebook.com\/bains.de.llo\/","https:\/\/www.instagram.com\/lesbainsdello\/"]}]}},"_links":{"self":[{"href":"https:\/\/bains-de-llo.com\/es\/wp-json\/wp\/v2\/product\/10132","targetHints":{"allow":["GET"]}}],"collection":[{"href":"https:\/\/bains-de-llo.com\/es\/wp-json\/wp\/v2\/product"}],"about":[{"href":"https:\/\/bains-de-llo.com\/es\/wp-json\/wp\/v2\/types\/product"}],"replies":[{"embeddable":true,"href":"https:\/\/bains-de-llo.com\/es\/wp-json\/wp\/v2\/comments?post=10132"}],"wp:featuredmedia":[{"embeddable":true,"href":"https:\/\/bains-de-llo.com\/es\/wp-json\/wp\/v2\/media\/6799"}],"wp:attachment":[{"href":"https:\/\/bains-de-llo.com\/es\/wp-json\/wp\/v2\/media?parent=10132"}],"wp:term":[{"taxonomy":"product_cat","embeddable":true,"href":"https:\/\/bains-de-llo.com\/es\/wp-json\/wp\/v2\/product_cat?post=10132"},{"taxonomy":"product_tag","embeddable":true,"href":"https:\/\/bains-de-llo.com\/es\/wp-json\/wp\/v2\/product_tag?post=10132"}],"curies":[{"name":"wp","href":"https:\/\/api.w.org\/{rel}","templated":true}]}}