{"id":212863,"date":"2026-01-20T10:41:40","date_gmt":"2026-01-20T09:41:40","guid":{"rendered":"https:\/\/bains-de-llo.com\/entradas-a-los-banos\/"},"modified":"2026-02-07T23:32:17","modified_gmt":"2026-02-07T22:32:17","slug":"entradas-a-los-banos","status":"publish","type":"page","link":"https:\/\/bains-de-llo.com\/es\/entradas-a-los-banos\/","title":{"rendered":"Entradas a los ba\u00f1os"},"content":{"rendered":"<p>[et_pb_section fb_built=&#8221;1&#8243; next_background_color=&#8221;#ffffff&#8221; _builder_version=&#8221;4.27.5&#8243; background_image=&#8221;https:\/\/bains-de-llo.com\/wp-content\/uploads\/2024\/04\/2024-04-10-14.jpg&#8221; custom_padding=&#8221;70px|0px|80px|0px|false|false&#8221; bottom_divider_style=&#8221;slant2&#8243; bottom_divider_height=&#8221;80px&#8221; bottom_divider_flip=&#8221;horizontal&#8221; border_width_bottom=&#8221;1px&#8221; border_color_bottom=&#8221;#ffffff&#8221; box_shadow_style=&#8221;preset6&#8243; locked=&#8221;off&#8221; global_colors_info=&#8221;{}&#8221;][et_pb_row _builder_version=&#8221;4.27.5&#8243; custom_padding=&#8221;0px|0px|7px|0px|false|false&#8221; hover_enabled=&#8221;0&#8243; global_colors_info=&#8221;{}&#8221; sticky_enabled=&#8221;0&#8243;][et_pb_column type=&#8221;4_4&#8243; _builder_version=&#8221;4.16&#8243; custom_padding=&#8221;|||&#8221; global_colors_info=&#8221;{}&#8221; custom_padding__hover=&#8221;|||&#8221;][et_pb_text _builder_version=&#8221;4.27.5&#8243; _dynamic_attributes=&#8221;content&#8221; text_font=&#8221;|700||on|||||&#8221; text_text_color=&#8221;#ffffff&#8221; text_font_size=&#8221;42px&#8221; text_line_height=&#8221;1.2em&#8221; header_font=&#8221;Lato|300|||||||&#8221; header_text_align=&#8221;center&#8221; header_text_color=&#8221;#ffffff&#8221; header_font_size=&#8221;54px&#8221; header_line_height=&#8221;1.6em&#8221; text_orientation=&#8221;center&#8221; custom_margin=&#8221;||0px&#8221; custom_padding=&#8221;35px||35px||true|false&#8221; hover_enabled=&#8221;0&#8243; text_font_size_tablet=&#8221;35px&#8221; text_font_size_phone=&#8221;28px&#8221; text_font_size_last_edited=&#8221;on|phone&#8221; header_text_shadow_style=&#8221;preset3&#8243; header_text_shadow_color=&#8221;rgba(0,0,0,0.59)&#8221; global_colors_info=&#8221;{}&#8221; sticky_enabled=&#8221;0&#8243;]@ET-DC@eyJkeW5hbWljIjp0cnVlLCJjb250ZW50IjoicG9zdF90aXRsZSIsInNldHRpbmdzIjp7ImJlZm9yZSI6IiIsImFmdGVyIjoiIiwiZW5hYmxlX2h0bWwiOiJvZmYifX0=@[\/et_pb_text][\/et_pb_column][\/et_pb_row][\/et_pb_section][et_pb_section fb_built=&#8221;1&#8243; admin_label=&#8221;section&#8221; _builder_version=&#8221;4.16&#8243; custom_padding=&#8221;17px||0px|||&#8221; global_colors_info=&#8221;{}&#8221;][et_pb_row admin_label=&#8221;row&#8221; _builder_version=&#8221;4.16&#8243; background_size=&#8221;initial&#8221; background_position=&#8221;top_left&#8221; background_repeat=&#8221;repeat&#8221; custom_padding=&#8221;14px||8px|||&#8221; global_colors_info=&#8221;{}&#8221;][et_pb_column type=&#8221;4_4&#8243; _builder_version=&#8221;4.16&#8243; custom_padding=&#8221;|||&#8221; global_colors_info=&#8221;{}&#8221; custom_padding__hover=&#8221;|||&#8221;][et_pb_text _builder_version=&#8221;4.27.5&#8243; _module_preset=&#8221;default&#8221; text_font_size=&#8221;16px&#8221; text_orientation=&#8221;center&#8221; max_width=&#8221;800px&#8221; module_alignment=&#8221;center&#8221; custom_margin=&#8221;||15px||false|false&#8221; locked=&#8221;off&#8221; global_colors_info=&#8221;{}&#8221;]<\/p>\n<h3><span style=\"color: #ea1661\"><strong>\u00a1Los ba\u00f1os al aire libre vuelven a abrir! <\/strong><\/span><\/h3>\n<p><span style=\"color: #000000\"><strong data-start=\"927\" data-end=\"996\">Aunque se recomienda la reserva online, tambi\u00e9n es posible comprar entradas directamente en recepci\u00f3n. <\/strong><\/span><\/p>\n<p><span style=\"color: #000000\"><strong data-start=\"1001\" data-end=\"1080\">La disponibilidad online no refleja la capacidad total del establecimiento. Tenemos <\/strong><\/span><span style=\"color: #000000\"><strong data-start=\"1001\" data-end=\"1080\">plazas adicionales en caja.<\/strong><\/span><\/p>\n<p><span style=\"color: #000000\"><\/span><span style=\"color: #000000\"><strong><\/strong><\/span><em><span style=\"color: #000000\">La entrada da acceso a las 3 piscinas surfurosas exteriores a 35\u00b0C. El espacio bien-estar (sauna, hammam) y las piscinas interiores estan cerradas actualmente.<\/span><\/em><\/p>\n<p>[\/et_pb_text][\/et_pb_column][\/et_pb_row][\/et_pb_section][et_pb_section fb_built=&#8221;1&#8243; admin_label=&#8221;section&#8221; _builder_version=&#8221;4.16&#8243; custom_padding=&#8221;0px|||||&#8221; locked=&#8221;off&#8221; global_colors_info=&#8221;{}&#8221;][et_pb_row admin_label=&#8221;row&#8221; _builder_version=&#8221;4.16&#8243; background_size=&#8221;initial&#8221; background_position=&#8221;top_left&#8221; background_repeat=&#8221;repeat&#8221; custom_padding=&#8221;0px|||||&#8221; locked=&#8221;on&#8221; global_colors_info=&#8221;{}&#8221;][et_pb_column type=&#8221;4_4&#8243; _builder_version=&#8221;4.16&#8243; custom_padding=&#8221;|||&#8221; global_colors_info=&#8221;{}&#8221; custom_padding__hover=&#8221;|||&#8221;][et_pb_text admin_label=&#8221;Text&#8221; _builder_version=&#8221;4.27.5&#8243; background_size=&#8221;initial&#8221; background_position=&#8221;top_left&#8221; background_repeat=&#8221;repeat&#8221; max_width=&#8221;900px&#8221; module_alignment=&#8221;center&#8221; locked=&#8221;off&#8221; global_colors_info=&#8221;{}&#8221;]<\/p>\n<p><span><script>\n  if (typeof hasAmeliaEvent === 'undefined') {\n    var hasAmeliaEvent = true;\n  }\n  if (typeof hasEventApiCall === 'undefined' && ('' === '' && '' !== '1')) {\n    var hasEventApiCall = true;\n  }\n  var hasEventShortcode = (typeof hasEventShortcode === 'undefined') ? false : true;\n  var ameliaShortcodeData = (typeof ameliaShortcodeData === 'undefined') ? [] : ameliaShortcodeData;\n  ameliaShortcodeData.push(\n    {\n      'hasApiCall': (typeof hasEventApiCall !== 'undefined') && hasEventApiCall,\n      'trigger': '',\n      'trigger_type': '',\n      'triggered_form': 'elf',\n      'in_dialog': '',\n      'counter': '1000',\n      'employee': '',\n      'eventId': '',\n      'eventRecurring': 0,\n      'eventTag': \"\",\n      'locationId': \"\"\n    }\n  );\n  var ameliaShortcodeDataTriggered = (typeof ameliaShortcodeDataTriggered === 'undefined') ? [] : ameliaShortcodeDataTriggered;\n  if (ameliaShortcodeData[ameliaShortcodeData.length - 1].trigger !== '') {\n    if (ameliaShortcodeDataTriggered.filter(a => a.counter === ameliaShortcodeData[ameliaShortcodeData.length - 1].counter).length === 0) {\n      ameliaShortcodeDataTriggered.push(ameliaShortcodeData.pop());\n    } else {\n      ameliaShortcodeData.pop()\n    }\n  }\n  if (typeof hasEventApiCall !== 'undefined' && hasEventApiCall) {\n    hasEventApiCall = false;\n  }\n<\/script>\n\n<div\n  id=\"amelia-v2-booking-1000\"\n  class=\"amelia-v2-booking\"\n>\n    <events-list-form-wrapper><\/div>\n<\/span><\/p>\n<p>[\/et_pb_text][\/et_pb_column][\/et_pb_row][\/et_pb_section]<\/p>\n","protected":false},"excerpt":{"rendered":"<p>\u00a1Los ba\u00f1os al aire libre vuelven a abrir! Aunque se recomienda la reserva online, tambi\u00e9n es posible comprar entradas directamente en recepci\u00f3n. La disponibilidad online no refleja la capacidad total del establecimiento. Tenemos plazas adicionales en caja. La entrada da acceso a las 3 piscinas surfurosas exteriores a 35\u00b0C. El espacio bien-estar (sauna, hammam) y [&hellip;]<\/p>\n","protected":false},"author":1,"featured_media":0,"parent":0,"menu_order":0,"comment_status":"closed","ping_status":"closed","template":"","meta":{"_et_pb_use_builder":"on","_et_pb_old_content":"","_et_gb_content_width":"","footnotes":""},"class_list":["post-212863","page","type-page","status-publish","hentry"],"yoast_head":"<!-- This site is optimized with the Yoast SEO plugin v27.5 - https:\/\/yoast.com\/product\/yoast-seo-wordpress\/ -->\n<title>Entradas a los ba\u00f1os | Bains de Llo<\/title>\n<meta name=\"robots\" content=\"index, follow, max-snippet:-1, max-image-preview:large, max-video-preview:-1\" \/>\n<link rel=\"canonical\" href=\"https:\/\/bains-de-llo.com\/es\/entradas-a-los-banos\/\" \/>\n<meta property=\"og:locale\" content=\"es_ES\" \/>\n<meta property=\"og:type\" content=\"article\" \/>\n<meta property=\"og:title\" content=\"Entradas a los ba\u00f1os | Bains de Llo\" \/>\n<meta property=\"og:description\" content=\"\u00a1Los ba\u00f1os al aire libre vuelven a abrir! Aunque se recomienda la reserva online, tambi\u00e9n es posible comprar entradas directamente en recepci\u00f3n. La disponibilidad online no refleja la capacidad total del establecimiento. Tenemos plazas adicionales en caja. La entrada da acceso a las 3 piscinas surfurosas exteriores a 35\u00b0C. El espacio bien-estar (sauna, hammam) y [&hellip;]\" \/>\n<meta property=\"og:url\" content=\"https:\/\/bains-de-llo.com\/es\/entradas-a-los-banos\/\" \/>\n<meta property=\"og:site_name\" content=\"Bains de Llo\" \/>\n<meta property=\"article:publisher\" content=\"https:\/\/www.facebook.com\/bains.de.llo\/\" \/>\n<meta property=\"article:modified_time\" content=\"2026-02-07T22:32:17+00:00\" \/>\n<meta name=\"twitter:card\" content=\"summary_large_image\" \/>\n<meta name=\"twitter:label1\" content=\"Tiempo de lectura\" \/>\n\t<meta name=\"twitter:data1\" content=\"2 minutos\" \/>\n<script type=\"application\/ld+json\" class=\"yoast-schema-graph\">{\"@context\":\"https:\\\/\\\/schema.org\",\"@graph\":[{\"@type\":\"WebPage\",\"@id\":\"https:\\\/\\\/bains-de-llo.com\\\/es\\\/entradas-a-los-banos\\\/\",\"url\":\"https:\\\/\\\/bains-de-llo.com\\\/es\\\/entradas-a-los-banos\\\/\",\"name\":\"Entradas a los ba\u00f1os | Bains de Llo\",\"isPartOf\":{\"@id\":\"https:\\\/\\\/bains-de-llo.com\\\/es\\\/#website\"},\"datePublished\":\"2026-01-20T09:41:40+00:00\",\"dateModified\":\"2026-02-07T22:32:17+00:00\",\"breadcrumb\":{\"@id\":\"https:\\\/\\\/bains-de-llo.com\\\/es\\\/entradas-a-los-banos\\\/#breadcrumb\"},\"inLanguage\":\"es\",\"potentialAction\":[{\"@type\":\"ReadAction\",\"target\":[\"https:\\\/\\\/bains-de-llo.com\\\/es\\\/entradas-a-los-banos\\\/\"]}]},{\"@type\":\"BreadcrumbList\",\"@id\":\"https:\\\/\\\/bains-de-llo.com\\\/es\\\/entradas-a-los-banos\\\/#breadcrumb\",\"itemListElement\":[{\"@type\":\"ListItem\",\"position\":1,\"name\":\"Home\",\"item\":\"https:\\\/\\\/bains-de-llo.com\\\/es\\\/\"},{\"@type\":\"ListItem\",\"position\":2,\"name\":\"Entradas a los ba\u00f1os\"}]},{\"@type\":\"WebSite\",\"@id\":\"https:\\\/\\\/bains-de-llo.com\\\/es\\\/#website\",\"url\":\"https:\\\/\\\/bains-de-llo.com\\\/es\\\/\",\"name\":\"Bains de LLO\",\"description\":\"Bains chauds sulfureux\",\"publisher\":{\"@id\":\"https:\\\/\\\/bains-de-llo.com\\\/es\\\/#organization\"},\"potentialAction\":[{\"@type\":\"SearchAction\",\"target\":{\"@type\":\"EntryPoint\",\"urlTemplate\":\"https:\\\/\\\/bains-de-llo.com\\\/es\\\/?s={search_term_string}\"},\"query-input\":{\"@type\":\"PropertyValueSpecification\",\"valueRequired\":true,\"valueName\":\"search_term_string\"}}],\"inLanguage\":\"es\"},{\"@type\":\"Organization\",\"@id\":\"https:\\\/\\\/bains-de-llo.com\\\/es\\\/#organization\",\"name\":\"Bains de LLo\",\"url\":\"https:\\\/\\\/bains-de-llo.com\\\/es\\\/\",\"logo\":{\"@type\":\"ImageObject\",\"inLanguage\":\"es\",\"@id\":\"https:\\\/\\\/bains-de-llo.com\\\/es\\\/#\\\/schema\\\/logo\\\/image\\\/\",\"url\":\"https:\\\/\\\/bains-de-llo.com\\\/wp-content\\\/uploads\\\/2019\\\/04\\\/login-logo.png\",\"contentUrl\":\"https:\\\/\\\/bains-de-llo.com\\\/wp-content\\\/uploads\\\/2019\\\/04\\\/login-logo.png\",\"width\":600,\"height\":137,\"caption\":\"Bains de LLo\"},\"image\":{\"@id\":\"https:\\\/\\\/bains-de-llo.com\\\/es\\\/#\\\/schema\\\/logo\\\/image\\\/\"},\"sameAs\":[\"https:\\\/\\\/www.facebook.com\\\/bains.de.llo\\\/\",\"https:\\\/\\\/www.instagram.com\\\/lesbainsdello\\\/\"]}]}<\/script>\n<!-- \/ Yoast SEO plugin. -->","yoast_head_json":{"title":"Entradas a los ba\u00f1os | Bains de Llo","robots":{"index":"index","follow":"follow","max-snippet":"max-snippet:-1","max-image-preview":"max-image-preview:large","max-video-preview":"max-video-preview:-1"},"canonical":"https:\/\/bains-de-llo.com\/es\/entradas-a-los-banos\/","og_locale":"es_ES","og_type":"article","og_title":"Entradas a los ba\u00f1os | Bains de Llo","og_description":"\u00a1Los ba\u00f1os al aire libre vuelven a abrir! Aunque se recomienda la reserva online, tambi\u00e9n es posible comprar entradas directamente en recepci\u00f3n. La disponibilidad online no refleja la capacidad total del establecimiento. Tenemos plazas adicionales en caja. La entrada da acceso a las 3 piscinas surfurosas exteriores a 35\u00b0C. El espacio bien-estar (sauna, hammam) y [&hellip;]","og_url":"https:\/\/bains-de-llo.com\/es\/entradas-a-los-banos\/","og_site_name":"Bains de Llo","article_publisher":"https:\/\/www.facebook.com\/bains.de.llo\/","article_modified_time":"2026-02-07T22:32:17+00:00","twitter_card":"summary_large_image","twitter_misc":{"Tiempo de lectura":"2 minutos"},"schema":{"@context":"https:\/\/schema.org","@graph":[{"@type":"WebPage","@id":"https:\/\/bains-de-llo.com\/es\/entradas-a-los-banos\/","url":"https:\/\/bains-de-llo.com\/es\/entradas-a-los-banos\/","name":"Entradas a los ba\u00f1os | Bains de Llo","isPartOf":{"@id":"https:\/\/bains-de-llo.com\/es\/#website"},"datePublished":"2026-01-20T09:41:40+00:00","dateModified":"2026-02-07T22:32:17+00:00","breadcrumb":{"@id":"https:\/\/bains-de-llo.com\/es\/entradas-a-los-banos\/#breadcrumb"},"inLanguage":"es","potentialAction":[{"@type":"ReadAction","target":["https:\/\/bains-de-llo.com\/es\/entradas-a-los-banos\/"]}]},{"@type":"BreadcrumbList","@id":"https:\/\/bains-de-llo.com\/es\/entradas-a-los-banos\/#breadcrumb","itemListElement":[{"@type":"ListItem","position":1,"name":"Home","item":"https:\/\/bains-de-llo.com\/es\/"},{"@type":"ListItem","position":2,"name":"Entradas a los ba\u00f1os"}]},{"@type":"WebSite","@id":"https:\/\/bains-de-llo.com\/es\/#website","url":"https:\/\/bains-de-llo.com\/es\/","name":"Bains de LLO","description":"Bains chauds sulfureux","publisher":{"@id":"https:\/\/bains-de-llo.com\/es\/#organization"},"potentialAction":[{"@type":"SearchAction","target":{"@type":"EntryPoint","urlTemplate":"https:\/\/bains-de-llo.com\/es\/?s={search_term_string}"},"query-input":{"@type":"PropertyValueSpecification","valueRequired":true,"valueName":"search_term_string"}}],"inLanguage":"es"},{"@type":"Organization","@id":"https:\/\/bains-de-llo.com\/es\/#organization","name":"Bains de LLo","url":"https:\/\/bains-de-llo.com\/es\/","logo":{"@type":"ImageObject","inLanguage":"es","@id":"https:\/\/bains-de-llo.com\/es\/#\/schema\/logo\/image\/","url":"https:\/\/bains-de-llo.com\/wp-content\/uploads\/2019\/04\/login-logo.png","contentUrl":"https:\/\/bains-de-llo.com\/wp-content\/uploads\/2019\/04\/login-logo.png","width":600,"height":137,"caption":"Bains de LLo"},"image":{"@id":"https:\/\/bains-de-llo.com\/es\/#\/schema\/logo\/image\/"},"sameAs":["https:\/\/www.facebook.com\/bains.de.llo\/","https:\/\/www.instagram.com\/lesbainsdello\/"]}]}},"_links":{"self":[{"href":"https:\/\/bains-de-llo.com\/es\/wp-json\/wp\/v2\/pages\/212863","targetHints":{"allow":["GET"]}}],"collection":[{"href":"https:\/\/bains-de-llo.com\/es\/wp-json\/wp\/v2\/pages"}],"about":[{"href":"https:\/\/bains-de-llo.com\/es\/wp-json\/wp\/v2\/types\/page"}],"author":[{"embeddable":true,"href":"https:\/\/bains-de-llo.com\/es\/wp-json\/wp\/v2\/users\/1"}],"replies":[{"embeddable":true,"href":"https:\/\/bains-de-llo.com\/es\/wp-json\/wp\/v2\/comments?post=212863"}],"version-history":[{"count":0,"href":"https:\/\/bains-de-llo.com\/es\/wp-json\/wp\/v2\/pages\/212863\/revisions"}],"wp:attachment":[{"href":"https:\/\/bains-de-llo.com\/es\/wp-json\/wp\/v2\/media?parent=212863"}],"curies":[{"name":"wp","href":"https:\/\/api.w.org\/{rel}","templated":true}]}}